{"id":103,"date":"2020-08-11T09:42:16","date_gmt":"2020-08-11T09:42:16","guid":{"rendered":"https:\/\/bridge389.qodeinteractive.com\/?page_id=103"},"modified":"2026-03-22T20:57:51","modified_gmt":"2026-03-22T20:57:51","slug":"about","status":"publish","type":"page","link":"https:\/\/cardenalsma.com\/index.php\/about\/","title":{"rendered":"Qui\u00e9nes Somos"},"content":{"rendered":"\t\t<div data-elementor-type=\"wp-page\" data-elementor-id=\"103\" class=\"elementor elementor-103\">\n\t\t\t\t<div class=\"elementor-element elementor-element-b558be0 e-flex e-con-boxed parallax_section_no qode_elementor_container_no e-con e-parent\" data-id=\"b558be0\" data-element_type=\"container\" data-e-type=\"container\">\n\t\t\t\t\t<div class=\"e-con-inner\">\n\t\t\t\t<div class=\"elementor-element elementor-element-a81a45e animated-slow elementor-invisible elementor-widget elementor-widget-image\" data-id=\"a81a45e\" data-element_type=\"widget\" data-e-type=\"widget\" data-settings=\"{&quot;_animation&quot;:&quot;fadeIn&quot;}\" data-widget_type=\"image.default\">\n\t\t\t\t\t\t\t\t\t\t\t\t\t\t\t<img fetchpriority=\"high\" decoding=\"async\" width=\"1300\" height=\"650\" src=\"https:\/\/cardenalsma.com\/wp-content\/uploads\/2026\/03\/ALBERCA-LATERAL-1300x650.jpeg\" class=\"attachment-qi_blocks_image_size_landscape size-qi_blocks_image_size_landscape wp-image-223\" alt=\"\" srcset=\"https:\/\/cardenalsma.com\/wp-content\/uploads\/2026\/03\/ALBERCA-LATERAL-1300x650.jpeg 1300w, https:\/\/cardenalsma.com\/wp-content\/uploads\/2026\/03\/ALBERCA-LATERAL-1000x500.jpeg 1000w\" sizes=\"(max-width: 1300px) 100vw, 1300px\" \/>\t\t\t\t\t\t\t\t\t\t\t\t\t\t\t<\/div>\n\t\t\t\t\t<\/div>\n\t\t\t\t<\/div>\n\t\t\t\t<section class=\"elementor-section elementor-top-section elementor-element elementor-element-871e797 elementor-section-full_width qode_elementor_container_inner elementor-section-height-default elementor-section-height-default parallax_section_no\" data-id=\"871e797\" data-element_type=\"section\" data-e-type=\"section\">\n\t\t\t\t\t\t<div class=\"elementor-container elementor-column-gap-no\">\n\t\t\t\t\t<div class=\"elementor-column elementor-col-100 elementor-top-column elementor-element elementor-element-122f97d\" data-id=\"122f97d\" data-element_type=\"column\" data-e-type=\"column\">\n\t\t\t<div class=\"elementor-widget-wrap elementor-element-populated\">\n\t\t\t\t\t\t<div class=\"elementor-element elementor-element-3071374 animated-slow elementor-invisible elementor-widget elementor-widget-text-editor\" data-id=\"3071374\" data-element_type=\"widget\" data-e-type=\"widget\" data-settings=\"{&quot;_animation&quot;:&quot;fadeIn&quot;}\" data-widget_type=\"text-editor.default\">\n\t\t\t\t\t\t\t\t\t<h1 style=\"text-align: center;\">Cardenal<\/h1>\t\t\t\t\t\t\t\t<\/div>\n\t\t\t\t<div class=\"elementor-element elementor-element-05fb0c4 elementor-widget elementor-widget-image\" data-id=\"05fb0c4\" data-element_type=\"widget\" data-e-type=\"widget\" data-widget_type=\"image.default\">\n\t\t\t\t\t\t\t\t\t\t\t\t\t\t\t<img decoding=\"async\" width=\"70\" height=\"2\" src=\"https:\/\/cardenalsma.com\/wp-content\/uploads\/2020\/08\/border.png\" class=\"attachment-full size-full wp-image-19\" alt=\"m\" \/>\t\t\t\t\t\t\t\t\t\t\t\t\t\t\t<\/div>\n\t\t\t\t<div class=\"elementor-element elementor-element-9293fb0 animated-slow elementor-invisible elementor-widget elementor-widget-text-editor\" data-id=\"9293fb0\" data-element_type=\"widget\" data-e-type=\"widget\" data-settings=\"{&quot;_animation&quot;:&quot;slideInLeft&quot;}\" data-widget_type=\"text-editor.default\">\n\t\t\t\t\t\t\t\t\t<h4 style=\"text-align: center;\"><span style=\"background-color: #ffffff; text-align: justify;\">Cardenal nace como una colaboraci\u00f3n de un equipo multidisciplinario de arquitectos y artistas, con el prop\u00f3sito de crear un espacio que es tanto un hogar como un lugar de inspiraci\u00f3n y el punto de encuentro de nuestra comunidad.<\/span><\/h4>\t\t\t\t\t\t\t\t<\/div>\n\t\t\t\t<div class=\"elementor-element elementor-element-e4fd4e9 elementor-invisible elementor-widget elementor-widget-text-editor\" data-id=\"e4fd4e9\" data-element_type=\"widget\" data-e-type=\"widget\" data-settings=\"{&quot;_animation&quot;:&quot;slideInRight&quot;}\" data-widget_type=\"text-editor.default\">\n\t\t\t\t\t\t\t\t\t<p style=\"text-align: center;\">Detr\u00e1s de Cardenal hay un equipo de desarrolladores que entiende el negocio sin perder de vista lo esencial: construir hogares de calidad, pensados para perdurar y ganar valor con el tiempo.\u00a0<\/p>\t\t\t\t\t\t\t\t<\/div>\n\t\t\t\t\t<\/div>\n\t\t<\/div>\n\t\t\t\t\t<\/div>\n\t\t<\/section>\n\t\t\t\t<section class=\"elementor-section elementor-top-section elementor-element elementor-element-3d9dca3e elementor-section-full_width qode_elementor_container_inner elementor-section-height-default elementor-section-height-default parallax_section_no\" data-id=\"3d9dca3e\" data-element_type=\"section\" data-e-type=\"section\">\n\t\t\t\t\t\t<div class=\"elementor-container elementor-column-gap-no\">\n\t\t\t\t\t<div class=\"elementor-column elementor-col-100 elementor-top-column elementor-element elementor-element-654063fd\" data-id=\"654063fd\" data-element_type=\"column\" data-e-type=\"column\">\n\t\t\t<div class=\"elementor-widget-wrap elementor-element-populated\">\n\t\t\t\t\t\t<section class=\"elementor-section elementor-inner-section elementor-element elementor-element-24f5b2a1 elementor-section-full_width elementor-section-height-default elementor-section-height-default parallax_section_no qode_elementor_container_no\" data-id=\"24f5b2a1\" data-element_type=\"section\" data-e-type=\"section\">\n\t\t\t\t\t\t<div class=\"elementor-container elementor-column-gap-no\">\n\t\t\t\t\t<div class=\"elementor-column elementor-col-100 elementor-inner-column elementor-element elementor-element-0c042db\" data-id=\"0c042db\" data-element_type=\"column\" data-e-type=\"column\">\n\t\t\t<div class=\"elementor-widget-wrap\">\n\t\t\t\t\t\t\t<\/div>\n\t\t<\/div>\n\t\t\t\t\t<\/div>\n\t\t<\/section>\n\t\t\t\t<div class=\"elementor-element elementor-element-111a80e3 animated-slow elementor-invisible elementor-widget elementor-widget-bridge_advanced_image_gallery\" data-id=\"111a80e3\" data-element_type=\"widget\" data-e-type=\"widget\" data-settings=\"{&quot;_animation&quot;:&quot;slideInLeft&quot;}\" data-widget_type=\"bridge_advanced_image_gallery.default\">\n\t\t\t\t<div class=\"elementor-widget-container\">\n\t\t\t\t\t<div class=\"qode-advanced-image-gallery  qode-aig-carousel-type qode-no-space  qode-image-behavior-lightbox \">\n\t<div class=\"qode-aig-slider qode-owl-slider\" data-number-of-items=\"3\" data-enable-loop=\"yes\" data-enable-autoplay=\"yes\" data-slider-speed=\"5000\" data-slider-speed-animation=\"600\" data-slider-padding=\"no\" data-enable-navigation=\"no\" data-enable-pagination=\"yes\">\n\t\t\t\t\t<div class=\"qode-aig-image\">\n\t\t\t\t\t\t\t\t\t<a itemprop=\"image\" class=\"qode-aig-lightbox qode-block-drag-link\" href=\"https:\/\/cardenalsma.com\/wp-content\/uploads\/2026\/03\/Cardenal-2-scaled.jpg\" data-rel=\"prettyPhoto[image_gallery_pretty_photo-646]\" title=\"Cardenal 2\">\n\t\t\t\t\t\t\t\t\t<img decoding=\"async\" width=\"1722\" height=\"2560\" src=\"https:\/\/cardenalsma.com\/wp-content\/uploads\/2026\/03\/Cardenal-2-scaled.jpg\" class=\"attachment-full size-full\" alt=\"\" srcset=\"https:\/\/cardenalsma.com\/wp-content\/uploads\/2026\/03\/Cardenal-2-scaled.jpg 1722w, https:\/\/cardenalsma.com\/wp-content\/uploads\/2026\/03\/Cardenal-2-202x300.jpg 202w, https:\/\/cardenalsma.com\/wp-content\/uploads\/2026\/03\/Cardenal-2-689x1024.jpg 689w, https:\/\/cardenalsma.com\/wp-content\/uploads\/2026\/03\/Cardenal-2-768x1141.jpg 768w, https:\/\/cardenalsma.com\/wp-content\/uploads\/2026\/03\/Cardenal-2-1033x1536.jpg 1033w, https:\/\/cardenalsma.com\/wp-content\/uploads\/2026\/03\/Cardenal-2-1378x2048.jpg 1378w, https:\/\/cardenalsma.com\/wp-content\/uploads\/2026\/03\/Cardenal-2-700x1040.jpg 700w\" sizes=\"(max-width: 1722px) 100vw, 1722px\" \/>\t\t\t\t\t<span class=\"aig-gallery-hover\">\n\t\t\t\t\t\t\t\t\t\t\t<\/span>\n\t\t\t\t\t\t\t\t\t<\/a>\n\t\t\t\t\t\t\t<\/div>\n\t\t\t\t\t\t\t\t<div class=\"qode-aig-image\">\n\t\t\t\t\t\t\t\t\t<a itemprop=\"image\" class=\"qode-aig-lightbox qode-block-drag-link\" href=\"https:\/\/cardenalsma.com\/wp-content\/uploads\/2026\/03\/DSC07184-scaled.jpeg\" data-rel=\"prettyPhoto[image_gallery_pretty_photo-646]\" title=\"DSC07184\">\n\t\t\t\t\t\t\t\t\t<img loading=\"lazy\" decoding=\"async\" width=\"1707\" height=\"2560\" src=\"https:\/\/cardenalsma.com\/wp-content\/uploads\/2026\/03\/DSC07184-scaled.jpeg\" class=\"attachment-full size-full\" alt=\"\" srcset=\"https:\/\/cardenalsma.com\/wp-content\/uploads\/2026\/03\/DSC07184-scaled.jpeg 1707w, https:\/\/cardenalsma.com\/wp-content\/uploads\/2026\/03\/DSC07184-200x300.jpeg 200w, https:\/\/cardenalsma.com\/wp-content\/uploads\/2026\/03\/DSC07184-683x1024.jpeg 683w, https:\/\/cardenalsma.com\/wp-content\/uploads\/2026\/03\/DSC07184-768x1152.jpeg 768w, https:\/\/cardenalsma.com\/wp-content\/uploads\/2026\/03\/DSC07184-1024x1536.jpeg 1024w, https:\/\/cardenalsma.com\/wp-content\/uploads\/2026\/03\/DSC07184-1365x2048.jpeg 1365w, https:\/\/cardenalsma.com\/wp-content\/uploads\/2026\/03\/DSC07184-700x1050.jpeg 700w\" sizes=\"(max-width: 1707px) 100vw, 1707px\" \/>\t\t\t\t\t<span class=\"aig-gallery-hover\">\n\t\t\t\t\t\t\t\t\t\t\t<\/span>\n\t\t\t\t\t\t\t\t\t<\/a>\n\t\t\t\t\t\t\t<\/div>\n\t\t\t\t\t\t\t\t<div class=\"qode-aig-image\">\n\t\t\t\t\t\t\t\t\t<a itemprop=\"image\" class=\"qode-aig-lightbox qode-block-drag-link\" href=\"https:\/\/cardenalsma.com\/wp-content\/uploads\/2026\/03\/DSC07205-scaled.jpeg\" data-rel=\"prettyPhoto[image_gallery_pretty_photo-646]\" title=\"DSC07205\">\n\t\t\t\t\t\t\t\t\t<img loading=\"lazy\" decoding=\"async\" width=\"1707\" height=\"2560\" src=\"https:\/\/cardenalsma.com\/wp-content\/uploads\/2026\/03\/DSC07205-scaled.jpeg\" class=\"attachment-full size-full\" alt=\"\" srcset=\"https:\/\/cardenalsma.com\/wp-content\/uploads\/2026\/03\/DSC07205-scaled.jpeg 1707w, https:\/\/cardenalsma.com\/wp-content\/uploads\/2026\/03\/DSC07205-200x300.jpeg 200w, https:\/\/cardenalsma.com\/wp-content\/uploads\/2026\/03\/DSC07205-683x1024.jpeg 683w, https:\/\/cardenalsma.com\/wp-content\/uploads\/2026\/03\/DSC07205-768x1152.jpeg 768w, https:\/\/cardenalsma.com\/wp-content\/uploads\/2026\/03\/DSC07205-1024x1536.jpeg 1024w, https:\/\/cardenalsma.com\/wp-content\/uploads\/2026\/03\/DSC07205-1365x2048.jpeg 1365w, https:\/\/cardenalsma.com\/wp-content\/uploads\/2026\/03\/DSC07205-700x1050.jpeg 700w\" sizes=\"(max-width: 1707px) 100vw, 1707px\" \/>\t\t\t\t\t<span class=\"aig-gallery-hover\">\n\t\t\t\t\t\t\t\t\t\t\t<\/span>\n\t\t\t\t\t\t\t\t\t<\/a>\n\t\t\t\t\t\t\t<\/div>\n\t\t\t\t\t\t<\/div>\n<\/div>\t\t\t\t<\/div>\n\t\t\t\t<\/div>\n\t\t\t\t\t<\/div>\n\t\t<\/div>\n\t\t\t\t\t<\/div>\n\t\t<\/section>\n\t\t<div class=\"elementor-element elementor-element-1d2a496 e-flex e-con-boxed parallax_section_no qode_elementor_container_no e-con e-parent\" data-id=\"1d2a496\" data-element_type=\"container\" data-e-type=\"container\">\n\t\t\t\t\t<div class=\"e-con-inner\">\n\t\t\t\t\t<\/div>\n\t\t\t\t<\/div>\n\t\t\t\t<\/div>\n\t\t","protected":false},"excerpt":{"rendered":"<p>Cardenal Cardenal nace como una colaboraci\u00f3n de un equipo multidisciplinario de arquitectos y artistas, con el prop\u00f3sito de crear un espacio que es tanto un hogar como un lugar de inspiraci\u00f3n y el punto de encuentro de nuestra comunidad. Detr\u00e1s de Cardenal hay un equipo&#8230;<\/p>\n","protected":false},"author":1,"featured_media":0,"parent":0,"menu_order":0,"comment_status":"closed","ping_status":"closed","template":"full_width.php","meta":{"footnotes":""},"class_list":["post-103","page","type-page","status-publish","hentry"],"_links":{"self":[{"href":"https:\/\/cardenalsma.com\/index.php\/wp-json\/wp\/v2\/pages\/103","targetHints":{"allow":["GET"]}}],"collection":[{"href":"https:\/\/cardenalsma.com\/index.php\/wp-json\/wp\/v2\/pages"}],"about":[{"href":"https:\/\/cardenalsma.com\/index.php\/wp-json\/wp\/v2\/types\/page"}],"author":[{"embeddable":true,"href":"https:\/\/cardenalsma.com\/index.php\/wp-json\/wp\/v2\/users\/1"}],"replies":[{"embeddable":true,"href":"https:\/\/cardenalsma.com\/index.php\/wp-json\/wp\/v2\/comments?post=103"}],"version-history":[{"count":53,"href":"https:\/\/cardenalsma.com\/index.php\/wp-json\/wp\/v2\/pages\/103\/revisions"}],"predecessor-version":[{"id":910,"href":"https:\/\/cardenalsma.com\/index.php\/wp-json\/wp\/v2\/pages\/103\/revisions\/910"}],"wp:attachment":[{"href":"https:\/\/cardenalsma.com\/index.php\/wp-json\/wp\/v2\/media?parent=103"}],"curies":[{"name":"wp","href":"https:\/\/api.w.org\/{rel}","templated":true}]}}