{"id":146,"date":"2020-08-11T10:46:41","date_gmt":"2020-08-11T10:46:41","guid":{"rendered":"https:\/\/bridge389.qodeinteractive.com\/?page_id=146"},"modified":"2026-03-22T21:26:58","modified_gmt":"2026-03-22T21:26:58","slug":"rooms","status":"publish","type":"page","link":"https:\/\/cardenalsma.com\/index.php\/rooms\/","title":{"rendered":"Modelos"},"content":{"rendered":"\t\t<div data-elementor-type=\"wp-page\" data-elementor-id=\"146\" class=\"elementor elementor-146\">\n\t\t\t\t\t\t<section class=\"elementor-section elementor-top-section elementor-element elementor-element-6aac2e48 elementor-section-full_width qode_elementor_container_inner elementor-section-height-default elementor-section-height-default parallax_section_no\" data-id=\"6aac2e48\" data-element_type=\"section\" data-e-type=\"section\">\n\t\t\t\t\t\t<div class=\"elementor-container elementor-column-gap-no\">\n\t\t\t\t\t<div class=\"elementor-column elementor-col-100 elementor-top-column elementor-element elementor-element-a9f8fe2\" data-id=\"a9f8fe2\" data-element_type=\"column\" data-e-type=\"column\">\n\t\t\t<div class=\"elementor-widget-wrap elementor-element-populated\">\n\t\t\t\t\t\t<div class=\"elementor-element elementor-element-6595596c animated-slow elementor-invisible elementor-widget elementor-widget-text-editor\" data-id=\"6595596c\" data-element_type=\"widget\" data-e-type=\"widget\" data-settings=\"{&quot;_animation&quot;:&quot;fadeIn&quot;}\" data-widget_type=\"text-editor.default\">\n\t\t\t\t\t\t\t\t\t<h1 style=\"text-align: center;\">Escoge el hogar de tus sue\u00f1os<\/h1>\t\t\t\t\t\t\t\t<\/div>\n\t\t\t\t<div class=\"elementor-element elementor-element-4d9359dc elementor-widget elementor-widget-image\" data-id=\"4d9359dc\" data-element_type=\"widget\" data-e-type=\"widget\" data-widget_type=\"image.default\">\n\t\t\t\t\t\t\t\t\t\t\t\t\t\t\t<img decoding=\"async\" width=\"70\" height=\"2\" src=\"https:\/\/cardenalsma.com\/wp-content\/uploads\/2020\/08\/border.png\" class=\"attachment-full size-full wp-image-19\" alt=\"m\" \/>\t\t\t\t\t\t\t\t\t\t\t\t\t\t\t<\/div>\n\t\t\t\t<div class=\"elementor-element elementor-element-25021be4 animated-slow elementor-invisible elementor-widget elementor-widget-text-editor\" data-id=\"25021be4\" data-element_type=\"widget\" data-e-type=\"widget\" data-settings=\"{&quot;_animation&quot;:&quot;fadeIn&quot;}\" data-widget_type=\"text-editor.default\">\n\t\t\t\t\t\t\t\t\t<h4 style=\"text-align: center;\">Dise\u00f1amos 3 modelos base personalizables para cada cliente.<\/h4>\t\t\t\t\t\t\t\t<\/div>\n\t\t\t\t\t<\/div>\n\t\t<\/div>\n\t\t\t\t\t<\/div>\n\t\t<\/section>\n\t\t\t\t<section class=\"elementor-section elementor-top-section elementor-element elementor-element-edd428a elementor-section-full_width qode_elementor_container_inner animated-slow elementor-section-height-default elementor-section-height-default parallax_section_no elementor-invisible\" data-id=\"edd428a\" data-element_type=\"section\" data-e-type=\"section\" data-settings=\"{&quot;animation&quot;:&quot;slideInLeft&quot;}\">\n\t\t\t\t\t\t<div class=\"elementor-container elementor-column-gap-no\">\n\t\t\t\t\t<div class=\"elementor-column elementor-col-33 elementor-top-column elementor-element elementor-element-12d9e40\" data-id=\"12d9e40\" data-element_type=\"column\" data-e-type=\"column\">\n\t\t\t<div class=\"elementor-widget-wrap elementor-element-populated\">\n\t\t\t\t\t\t<div class=\"elementor-element elementor-element-acc146a elementor-widget elementor-widget-image\" data-id=\"acc146a\" data-element_type=\"widget\" data-e-type=\"widget\" data-widget_type=\"image.default\">\n\t\t\t\t\t\t\t\t\t\t\t\t\t\t\t<img fetchpriority=\"high\" decoding=\"async\" width=\"2000\" height=\"2500\" src=\"https:\/\/cardenalsma.com\/wp-content\/uploads\/2026\/03\/S-VISTA-3.jpeg\" class=\"attachment-full size-full wp-image-250\" alt=\"\" srcset=\"https:\/\/cardenalsma.com\/wp-content\/uploads\/2026\/03\/S-VISTA-3.jpeg 2000w, https:\/\/cardenalsma.com\/wp-content\/uploads\/2026\/03\/S-VISTA-3-240x300.jpeg 240w, https:\/\/cardenalsma.com\/wp-content\/uploads\/2026\/03\/S-VISTA-3-819x1024.jpeg 819w, https:\/\/cardenalsma.com\/wp-content\/uploads\/2026\/03\/S-VISTA-3-768x960.jpeg 768w, https:\/\/cardenalsma.com\/wp-content\/uploads\/2026\/03\/S-VISTA-3-1229x1536.jpeg 1229w, https:\/\/cardenalsma.com\/wp-content\/uploads\/2026\/03\/S-VISTA-3-1638x2048.jpeg 1638w, https:\/\/cardenalsma.com\/wp-content\/uploads\/2026\/03\/S-VISTA-3-700x875.jpeg 700w\" sizes=\"(max-width: 2000px) 100vw, 2000px\" \/>\t\t\t\t\t\t\t\t\t\t\t\t\t\t\t<\/div>\n\t\t\t\t<div class=\"elementor-element elementor-element-732fa19 elementor-widget elementor-widget-text-editor\" data-id=\"732fa19\" data-element_type=\"widget\" data-e-type=\"widget\" data-widget_type=\"text-editor.default\">\n\t\t\t\t\t\t\t\t\t<h3>Cardenalito 350m2<\/h3><div>\u00a0<\/div>\t\t\t\t\t\t\t\t<\/div>\n\t\t\t\t<div class=\"elementor-element elementor-element-a85060e elementor-widget elementor-widget-text-editor\" data-id=\"a85060e\" data-element_type=\"widget\" data-e-type=\"widget\" data-widget_type=\"text-editor.default\">\n\t\t\t\t\t\t\t\t\t<p>2 Habitaciones con walking closet y ba\u00f1o completo<\/p><p>1 Estudio<\/p><p>1 Ba\u00f1o de visitas<\/p><p>Cocina \/ Comedor<\/p><p>Living<\/p><p>Cocina integral con alacena<\/p><p>Patio central<\/p><p>Estacionamiento para 2 autos<\/p><p>Terrazas<\/p>\t\t\t\t\t\t\t\t<\/div>\n\t\t\t\t\t<\/div>\n\t\t<\/div>\n\t\t\t\t<div class=\"elementor-column elementor-col-33 elementor-top-column elementor-element elementor-element-718154e\" data-id=\"718154e\" data-element_type=\"column\" data-e-type=\"column\">\n\t\t\t<div class=\"elementor-widget-wrap elementor-element-populated\">\n\t\t\t\t\t\t<div class=\"elementor-element elementor-element-4ab0872 elementor-widget elementor-widget-image\" data-id=\"4ab0872\" data-element_type=\"widget\" data-e-type=\"widget\" data-widget_type=\"image.default\">\n\t\t\t\t\t\t\t\t\t\t\t\t\t\t\t<img decoding=\"async\" width=\"2000\" height=\"2500\" src=\"https:\/\/cardenalsma.com\/wp-content\/uploads\/2026\/03\/R.P-VISTA-2.jpeg\" class=\"attachment-full size-full wp-image-247\" alt=\"\" srcset=\"https:\/\/cardenalsma.com\/wp-content\/uploads\/2026\/03\/R.P-VISTA-2.jpeg 2000w, https:\/\/cardenalsma.com\/wp-content\/uploads\/2026\/03\/R.P-VISTA-2-240x300.jpeg 240w, https:\/\/cardenalsma.com\/wp-content\/uploads\/2026\/03\/R.P-VISTA-2-819x1024.jpeg 819w, https:\/\/cardenalsma.com\/wp-content\/uploads\/2026\/03\/R.P-VISTA-2-768x960.jpeg 768w, https:\/\/cardenalsma.com\/wp-content\/uploads\/2026\/03\/R.P-VISTA-2-1229x1536.jpeg 1229w, https:\/\/cardenalsma.com\/wp-content\/uploads\/2026\/03\/R.P-VISTA-2-1638x2048.jpeg 1638w, https:\/\/cardenalsma.com\/wp-content\/uploads\/2026\/03\/R.P-VISTA-2-700x875.jpeg 700w\" sizes=\"(max-width: 2000px) 100vw, 2000px\" \/>\t\t\t\t\t\t\t\t\t\t\t\t\t\t\t<\/div>\n\t\t\t\t<div class=\"elementor-element elementor-element-1086865 elementor-widget elementor-widget-text-editor\" data-id=\"1086865\" data-element_type=\"widget\" data-e-type=\"widget\" data-widget_type=\"text-editor.default\">\n\t\t\t\t\t\t\t\t\t<h3>Cardenalito &amp; Guest house 350m2 + 80m2<\/h3>\t\t\t\t\t\t\t\t<\/div>\n\t\t\t\t<div class=\"elementor-element elementor-element-3c813cc elementor-widget elementor-widget-text-editor\" data-id=\"3c813cc\" data-element_type=\"widget\" data-e-type=\"widget\" data-widget_type=\"text-editor.default\">\n\t\t\t\t\t\t\t\t\t<p style=\"background-color: #ffffff;\">2 Habitaciones con walking closet y ba\u00f1o completo<\/p><p style=\"background-color: #ffffff;\">1 Estudio<\/p><p style=\"background-color: #ffffff;\">1 Ba\u00f1o de visitas<\/p><p style=\"background-color: #ffffff;\">Cocina \/ Comedor<\/p><p style=\"background-color: #ffffff;\">Living<\/p><p style=\"background-color: #ffffff;\">Cocina integral con alacena<\/p><p style=\"background-color: #ffffff;\">Patio central<\/p><p style=\"background-color: #ffffff;\">Casa de hu\u00e9spedes de 1 habitaci\u00f3n con ba\u00f1o completo<\/p><p>Estacionamiento para 3 autos<\/p><p>Terrazas<\/p>\t\t\t\t\t\t\t\t<\/div>\n\t\t\t\t\t<\/div>\n\t\t<\/div>\n\t\t\t\t<div class=\"elementor-column elementor-col-33 elementor-top-column elementor-element elementor-element-4d5654b\" data-id=\"4d5654b\" data-element_type=\"column\" data-e-type=\"column\">\n\t\t\t<div class=\"elementor-widget-wrap elementor-element-populated\">\n\t\t\t\t\t\t<div class=\"elementor-element elementor-element-b978d7b elementor-widget elementor-widget-image\" data-id=\"b978d7b\" data-element_type=\"widget\" data-e-type=\"widget\" data-widget_type=\"image.default\">\n\t\t\t\t\t\t\t\t\t\t\t\t\t\t\t<img loading=\"lazy\" decoding=\"async\" width=\"2000\" height=\"2500\" src=\"https:\/\/cardenalsma.com\/wp-content\/uploads\/2026\/03\/P.C-VISTA-2.jpeg\" class=\"attachment-full size-full wp-image-243\" alt=\"\" srcset=\"https:\/\/cardenalsma.com\/wp-content\/uploads\/2026\/03\/P.C-VISTA-2.jpeg 2000w, https:\/\/cardenalsma.com\/wp-content\/uploads\/2026\/03\/P.C-VISTA-2-240x300.jpeg 240w, https:\/\/cardenalsma.com\/wp-content\/uploads\/2026\/03\/P.C-VISTA-2-819x1024.jpeg 819w, https:\/\/cardenalsma.com\/wp-content\/uploads\/2026\/03\/P.C-VISTA-2-768x960.jpeg 768w, https:\/\/cardenalsma.com\/wp-content\/uploads\/2026\/03\/P.C-VISTA-2-1229x1536.jpeg 1229w, https:\/\/cardenalsma.com\/wp-content\/uploads\/2026\/03\/P.C-VISTA-2-1638x2048.jpeg 1638w, https:\/\/cardenalsma.com\/wp-content\/uploads\/2026\/03\/P.C-VISTA-2-700x875.jpeg 700w\" sizes=\"(max-width: 2000px) 100vw, 2000px\" \/>\t\t\t\t\t\t\t\t\t\t\t\t\t\t\t<\/div>\n\t\t\t\t<div class=\"elementor-element elementor-element-8b1e7cf elementor-widget elementor-widget-text-editor\" data-id=\"8b1e7cf\" data-element_type=\"widget\" data-e-type=\"widget\" data-widget_type=\"text-editor.default\">\n\t\t\t\t\t\t\t\t\t<h3>Cardenal 550m2<\/h3><div>\u00a0<\/div>\t\t\t\t\t\t\t\t<\/div>\n\t\t\t\t<div class=\"elementor-element elementor-element-199fea5 elementor-widget elementor-widget-text-editor\" data-id=\"199fea5\" data-element_type=\"widget\" data-e-type=\"widget\" data-widget_type=\"text-editor.default\">\n\t\t\t\t\t\t\t\t\t<p style=\"background-color: #ffffff;\">3 Habitaciones con walking closet y ba\u00f1o completo<\/p><p style=\"background-color: #ffffff;\">1 Estudio<\/p><p style=\"background-color: #ffffff;\">1 Ba\u00f1o de visitas<\/p><p style=\"background-color: #ffffff;\">Cocina \/ Comedor<\/p><p style=\"background-color: #ffffff;\">Living<\/p><p style=\"background-color: #ffffff;\">Cocina integral con alacena<\/p><p style=\"background-color: #ffffff;\">Patio central con alberca opcional<\/p><p>Sala de TV<\/p><p>\u00c1rea de servicio<\/p><p>Estacionamiento para 3 autos<\/p><p>Terrazas<\/p>\t\t\t\t\t\t\t\t<\/div>\n\t\t\t\t\t<\/div>\n\t\t<\/div>\n\t\t\t\t\t<\/div>\n\t\t<\/section>\n\t\t\t\t<section class=\"elementor-section elementor-top-section elementor-element elementor-element-86e0371 elementor-section-full_width qode_elementor_container_inner elementor-section-height-default elementor-section-height-default parallax_section_no\" data-id=\"86e0371\" data-element_type=\"section\" data-e-type=\"section\">\n\t\t\t\t\t\t<div class=\"elementor-container elementor-column-gap-no\">\n\t\t\t\t\t<div class=\"elementor-column elementor-col-100 elementor-top-column elementor-element elementor-element-44872bb\" data-id=\"44872bb\" data-element_type=\"column\" data-e-type=\"column\">\n\t\t\t<div class=\"elementor-widget-wrap\">\n\t\t\t\t\t\t\t<\/div>\n\t\t<\/div>\n\t\t\t\t\t<\/div>\n\t\t<\/section>\n\t\t\t\t<section class=\"elementor-section elementor-top-section elementor-element elementor-element-2f1d1bd elementor-section-full_width qode_elementor_container_inner elementor-section-height-default elementor-section-height-default parallax_section_no\" data-id=\"2f1d1bd\" data-element_type=\"section\" data-e-type=\"section\">\n\t\t\t\t\t\t<div class=\"elementor-container elementor-column-gap-no\">\n\t\t\t\t\t<div class=\"elementor-column elementor-col-100 elementor-top-column elementor-element elementor-element-12747ee\" data-id=\"12747ee\" data-element_type=\"column\" data-e-type=\"column\">\n\t\t\t<div class=\"elementor-widget-wrap elementor-element-populated\">\n\t\t\t\t\t\t<div class=\"elementor-element elementor-element-7c3ef28 elementor-widget__width-auto elementor-widget elementor-widget-bridge_button\" data-id=\"7c3ef28\" data-element_type=\"widget\" data-e-type=\"widget\" data-widget_type=\"bridge_button.default\">\n\t\t\t\t<div class=\"elementor-widget-container\">\n\t\t\t\t\t<a  itemprop=\"url\" href=\"https:\/\/cardenalsma.com\/index.php\/book-now\/\" target=\"_self\"  class=\"qbutton  default\" style=\"\">Agenda una Visita<\/a>\t\t\t\t<\/div>\n\t\t\t\t<\/div>\n\t\t\t\t\t<\/div>\n\t\t<\/div>\n\t\t\t\t\t<\/div>\n\t\t<\/section>\n\t\t\t\t<\/div>\n\t\t","protected":false},"excerpt":{"rendered":"<p>Escoge el hogar de tus sue\u00f1os Dise\u00f1amos 3 modelos base personalizables para cada cliente. Cardenalito 350m2 \u00a0 2 Habitaciones con walking closet y ba\u00f1o completo 1 Estudio 1 Ba\u00f1o de visitas Cocina \/ Comedor Living Cocina integral con alacena Patio central Estacionamiento para 2 autos&#8230;<\/p>\n","protected":false},"author":1,"featured_media":0,"parent":0,"menu_order":0,"comment_status":"closed","ping_status":"closed","template":"full_width.php","meta":{"footnotes":""},"class_list":["post-146","page","type-page","status-publish","hentry"],"_links":{"self":[{"href":"https:\/\/cardenalsma.com\/index.php\/wp-json\/wp\/v2\/pages\/146","targetHints":{"allow":["GET"]}}],"collection":[{"href":"https:\/\/cardenalsma.com\/index.php\/wp-json\/wp\/v2\/pages"}],"about":[{"href":"https:\/\/cardenalsma.com\/index.php\/wp-json\/wp\/v2\/types\/page"}],"author":[{"embeddable":true,"href":"https:\/\/cardenalsma.com\/index.php\/wp-json\/wp\/v2\/users\/1"}],"replies":[{"embeddable":true,"href":"https:\/\/cardenalsma.com\/index.php\/wp-json\/wp\/v2\/comments?post=146"}],"version-history":[{"count":113,"href":"https:\/\/cardenalsma.com\/index.php\/wp-json\/wp\/v2\/pages\/146\/revisions"}],"predecessor-version":[{"id":977,"href":"https:\/\/cardenalsma.com\/index.php\/wp-json\/wp\/v2\/pages\/146\/revisions\/977"}],"wp:attachment":[{"href":"https:\/\/cardenalsma.com\/index.php\/wp-json\/wp\/v2\/media?parent=146"}],"curies":[{"name":"wp","href":"https:\/\/api.w.org\/{rel}","templated":true}]}}